
{"id":223,"date":"2020-11-20T15:32:31","date_gmt":"2020-11-20T14:32:31","guid":{"rendered":"http:\/\/localhost:8000\/wordpress\/?page_id=223"},"modified":"2021-12-06T16:19:24","modified_gmt":"2021-12-06T15:19:24","slug":"actualite-education","status":"publish","type":"page","link":"https:\/\/en.idruide.com\/wordpress\/actualite-education\/","title":{"rendered":"Blog"},"content":{"rendered":"","protected":false},"excerpt":{"rendered":"","protected":false},"author":1,"featured_media":0,"parent":0,"menu_order":0,"comment_status":"closed","ping_status":"closed","template":"template-blog.php","meta":{"inline_featured_image":false},"acf":[],"yoast_head":"<!-- This site is optimized with the Yoast SEO plugin v21.8.1 - https:\/\/yoast.com\/wordpress\/plugins\/seo\/ -->\n<title>Blog - idruide<\/title>\n<meta name=\"description\" content=\"En constante \u00e9volution, suivez les tendances du secteur de l&#039;\u00e9ducation. L&#039;int\u00e9gration du num\u00e9rique est l&#039;un des premier enjeux de l&#039;\u00e9ducation\" \/>\n<meta name=\"robots\" content=\"index, follow, max-snippet:-1, max-image-preview:large, max-video-preview:-1\" \/>\n<link rel=\"canonical\" href=\"https:\/\/en.idruide.com\/wordpress\/actualite-education\/\" \/>\n<meta property=\"og:locale\" content=\"en_US\" \/>\n<meta property=\"og:type\" content=\"article\" \/>\n<meta property=\"og:title\" content=\"Blog - idruide\" \/>\n<meta property=\"og:description\" content=\"En constante \u00e9volution, suivez les tendances du secteur de l&#039;\u00e9ducation. L&#039;int\u00e9gration du num\u00e9rique est l&#039;un des premier enjeux de l&#039;\u00e9ducation\" \/>\n<meta property=\"og:url\" content=\"https:\/\/en.idruide.com\/wordpress\/actualite-education\/\" \/>\n<meta property=\"og:site_name\" content=\"idruide\" \/>\n<meta property=\"article:publisher\" content=\"https:\/\/www.facebook.com\/IDruide\/\" \/>\n<meta property=\"article:modified_time\" content=\"2021-12-06T15:19:24+00:00\" \/>\n<meta name=\"twitter:card\" content=\"summary_large_image\" \/>\n<meta name=\"twitter:site\" content=\"@idruide\" \/>\n<script type=\"application\/ld+json\" class=\"yoast-schema-graph\">{\"@context\":\"https:\/\/schema.org\",\"@graph\":[{\"@type\":\"WebPage\",\"@id\":\"https:\/\/en.idruide.com\/wordpress\/actualite-education\/\",\"url\":\"https:\/\/en.idruide.com\/wordpress\/actualite-education\/\",\"name\":\"Blog - idruide\",\"isPartOf\":{\"@id\":\"https:\/\/en.idruide.com\/wordpress\/#website\"},\"datePublished\":\"2020-11-20T14:32:31+00:00\",\"dateModified\":\"2021-12-06T15:19:24+00:00\",\"description\":\"En constante \u00e9volution, suivez les tendances du secteur de l'\u00e9ducation. L'int\u00e9gration du num\u00e9rique est l'un des premier enjeux de l'\u00e9ducation\",\"breadcrumb\":{\"@id\":\"https:\/\/en.idruide.com\/wordpress\/actualite-education\/#breadcrumb\"},\"inLanguage\":\"en-US\",\"potentialAction\":[{\"@type\":\"ReadAction\",\"target\":[\"https:\/\/en.idruide.com\/wordpress\/actualite-education\/\"]}]},{\"@type\":\"BreadcrumbList\",\"@id\":\"https:\/\/en.idruide.com\/wordpress\/actualite-education\/#breadcrumb\",\"itemListElement\":[{\"@type\":\"ListItem\",\"position\":1,\"name\":\"Accueil\",\"item\":\"https:\/\/en.idruide.com\/wordpress\/\"},{\"@type\":\"ListItem\",\"position\":2,\"name\":\"Blog\"}]},{\"@type\":\"WebSite\",\"@id\":\"https:\/\/en.idruide.com\/wordpress\/#website\",\"url\":\"https:\/\/en.idruide.com\/wordpress\/\",\"name\":\"idruide\",\"description\":\"\",\"potentialAction\":[{\"@type\":\"SearchAction\",\"target\":{\"@type\":\"EntryPoint\",\"urlTemplate\":\"https:\/\/en.idruide.com\/wordpress\/?s={search_term_string}\"},\"query-input\":\"required name=search_term_string\"}],\"inLanguage\":\"en-US\"}]}<\/script>\n<!-- \/ Yoast SEO plugin. -->","yoast_head_json":{"title":"Blog - idruide","description":"En constante \u00e9volution, suivez les tendances du secteur de l'\u00e9ducation. L'int\u00e9gration du num\u00e9rique est l'un des premier enjeux de l'\u00e9ducation","robots":{"index":"index","follow":"follow","max-snippet":"max-snippet:-1","max-image-preview":"max-image-preview:large","max-video-preview":"max-video-preview:-1"},"canonical":"https:\/\/en.idruide.com\/wordpress\/actualite-education\/","og_locale":"en_US","og_type":"article","og_title":"Blog - idruide","og_description":"En constante \u00e9volution, suivez les tendances du secteur de l'\u00e9ducation. L'int\u00e9gration du num\u00e9rique est l'un des premier enjeux de l'\u00e9ducation","og_url":"https:\/\/en.idruide.com\/wordpress\/actualite-education\/","og_site_name":"idruide","article_publisher":"https:\/\/www.facebook.com\/IDruide\/","article_modified_time":"2021-12-06T15:19:24+00:00","twitter_card":"summary_large_image","twitter_site":"@idruide","schema":{"@context":"https:\/\/schema.org","@graph":[{"@type":"WebPage","@id":"https:\/\/en.idruide.com\/wordpress\/actualite-education\/","url":"https:\/\/en.idruide.com\/wordpress\/actualite-education\/","name":"Blog - idruide","isPartOf":{"@id":"https:\/\/en.idruide.com\/wordpress\/#website"},"datePublished":"2020-11-20T14:32:31+00:00","dateModified":"2021-12-06T15:19:24+00:00","description":"En constante \u00e9volution, suivez les tendances du secteur de l'\u00e9ducation. L'int\u00e9gration du num\u00e9rique est l'un des premier enjeux de l'\u00e9ducation","breadcrumb":{"@id":"https:\/\/en.idruide.com\/wordpress\/actualite-education\/#breadcrumb"},"inLanguage":"en-US","potentialAction":[{"@type":"ReadAction","target":["https:\/\/en.idruide.com\/wordpress\/actualite-education\/"]}]},{"@type":"BreadcrumbList","@id":"https:\/\/en.idruide.com\/wordpress\/actualite-education\/#breadcrumb","itemListElement":[{"@type":"ListItem","position":1,"name":"Accueil","item":"https:\/\/en.idruide.com\/wordpress\/"},{"@type":"ListItem","position":2,"name":"Blog"}]},{"@type":"WebSite","@id":"https:\/\/en.idruide.com\/wordpress\/#website","url":"https:\/\/en.idruide.com\/wordpress\/","name":"idruide","description":"","potentialAction":[{"@type":"SearchAction","target":{"@type":"EntryPoint","urlTemplate":"https:\/\/en.idruide.com\/wordpress\/?s={search_term_string}"},"query-input":"required name=search_term_string"}],"inLanguage":"en-US"}]}},"_links":{"self":[{"href":"https:\/\/en.idruide.com\/wordpress\/wp-json\/wp\/v2\/pages\/223"}],"collection":[{"href":"https:\/\/en.idruide.com\/wordpress\/wp-json\/wp\/v2\/pages"}],"about":[{"href":"https:\/\/en.idruide.com\/wordpress\/wp-json\/wp\/v2\/types\/page"}],"author":[{"embeddable":true,"href":"https:\/\/en.idruide.com\/wordpress\/wp-json\/wp\/v2\/users\/1"}],"replies":[{"embeddable":true,"href":"https:\/\/en.idruide.com\/wordpress\/wp-json\/wp\/v2\/comments?post=223"}],"version-history":[{"count":24,"href":"https:\/\/en.idruide.com\/wordpress\/wp-json\/wp\/v2\/pages\/223\/revisions"}],"predecessor-version":[{"id":2396,"href":"https:\/\/en.idruide.com\/wordpress\/wp-json\/wp\/v2\/pages\/223\/revisions\/2396"}],"wp:attachment":[{"href":"https:\/\/en.idruide.com\/wordpress\/wp-json\/wp\/v2\/media?parent=223"}],"curies":[{"name":"wp","href":"https:\/\/api.w.org\/{rel}","templated":true}]}}